{"id":57,"date":"2017-11-14T08:27:49","date_gmt":"2017-11-14T08:27:49","guid":{"rendered":"https:\/\/unifruitfresh.com\/?page_id=57"},"modified":"2024-06-03T19:36:07","modified_gmt":"2024-06-03T19:36:07","slug":"contactenos","status":"publish","type":"page","link":"https:\/\/unifruitfresh.com\/en\/contactenos\/","title":{"rendered":"Contact us"},"content":{"rendered":"<div class=\"wpb-content-wrapper\"><div class=\"vc_row wpb_row vc_row-fluid tb-contact vc_custom_1515481076210\"><div class=\"wpb_column vc_column_container vc_col-sm-5 vc_col-lg-5 vc_col-md-5 vc_hidden-sm vc_hidden-xs\"><div class=\"vc_column-inner\"><div class=\"wpb_wrapper\">\n\t<div  class=\"wpb_single_image wpb_content_element vc_align_left wpb_content_element\">\n\t\t\n\t\t<figure class=\"wpb_wrapper vc_figure\">\n\t\t\t<div class=\"vc_single_image-wrapper   vc_box_border_grey\"><img loading=\"lazy\" decoding=\"async\" width=\"601\" height=\"601\" src=\"https:\/\/unifruitfresh.com\/wp-content\/uploads\/2024\/06\/galeria-5.jpg\" class=\"vc_single_image-img attachment-full\" alt=\"\" title=\"galeria-5\" srcset=\"https:\/\/unifruitfresh.com\/wp-content\/uploads\/2024\/06\/galeria-5.jpg 601w, https:\/\/unifruitfresh.com\/wp-content\/uploads\/2024\/06\/galeria-5-300x300.jpg 300w, https:\/\/unifruitfresh.com\/wp-content\/uploads\/2024\/06\/galeria-5-150x150.jpg 150w, https:\/\/unifruitfresh.com\/wp-content\/uploads\/2024\/06\/galeria-5-270x270.jpg 270w\" sizes=\"(max-width: 601px) 100vw, 601px\" \/><\/div>\n\t\t<\/figure>\n\t<\/div>\n<\/div><\/div><\/div><div class=\"wpb_column vc_column_container vc_col-sm-12 vc_col-lg-7 vc_col-md-7\"><div class=\"vc_column-inner vc_custom_1517368538059\"><div class=\"wpb_wrapper\"><div class=\"text-left  organiko-title-tpl3\">            <span class=\"organiko-subtitle\" >Let's talk<\/span>\n            <h2 class=\"organiko-title\" >\n                Contact us            <\/h2>\n        <\/div><div class=\"vc_empty_space\"   style=\"height: 60px\"><span class=\"vc_empty_space_inner\"><\/span><\/div>\n\t<div class=\"wpb_text_column wpb_content_element vc_custom_1717442083881\" >\n\t\t<div class=\"wpb_wrapper\">\n\t\t\t<p>Export of Fresh Fruits.<\/p>\n\n\t\t<\/div>\n\t<\/div>\n\n\t<div class=\"wpb_raw_code wpb_raw_html wpb_content_element\" >\n\t\t<div class=\"wpb_wrapper\">\n\t\t\t<ul class=\"list-contact-info\">\n<li><i class=\"fa fa-building\"><\/i> San Jos\u00e9, Desamparados, 125 meters east College of Private Accountants.<\/li>\n<li><i class=\"fa fa-phone-square\"><\/i> +506 8389-0024, +506 8446-1074<\/li>\n<li><i class=\"fa fa-envelope-square\"><\/i> info@unifruitfresh.com<\/li>\n<\/ul>\n\t\t<\/div>\n\t<\/div>\n<\/div><\/div><\/div><\/div><div data-vc-full-width=\"true\" data-vc-full-width-init=\"false\" data-vc-stretch-content=\"true\" class=\"vc_row wpb_row vc_row-fluid vc_row-no-padding\"><div class=\"wpb_column vc_column_container vc_col-sm-12\"><div class=\"vc_column-inner\"><div class=\"wpb_wrapper\">\n\t<div  class=\"wpb_single_image wpb_content_element vc_align_left wpb_content_element\">\n\t\t\n\t\t<figure class=\"wpb_wrapper vc_figure\">\n\t\t\t<div class=\"vc_single_image-wrapper   vc_box_border_grey\"><img loading=\"lazy\" decoding=\"async\" width=\"1920\" height=\"275\" src=\"https:\/\/unifruitfresh.com\/wp-content\/uploads\/2024\/05\/bg-newsletter-copy.jpg\" class=\"vc_single_image-img attachment-full\" alt=\"\" title=\"bg-newsletter copy\" srcset=\"https:\/\/unifruitfresh.com\/wp-content\/uploads\/2024\/05\/bg-newsletter-copy.jpg 1920w, https:\/\/unifruitfresh.com\/wp-content\/uploads\/2024\/05\/bg-newsletter-copy-300x43.jpg 300w, https:\/\/unifruitfresh.com\/wp-content\/uploads\/2024\/05\/bg-newsletter-copy-1024x147.jpg 1024w, https:\/\/unifruitfresh.com\/wp-content\/uploads\/2024\/05\/bg-newsletter-copy-768x110.jpg 768w, https:\/\/unifruitfresh.com\/wp-content\/uploads\/2024\/05\/bg-newsletter-copy-1536x220.jpg 1536w\" sizes=\"(max-width: 1920px) 100vw, 1920px\" \/><\/div>\n\t\t<\/figure>\n\t<\/div>\n<\/div><\/div><\/div><\/div><div class=\"vc_row-full-width vc_clearfix\"><\/div>\n<\/div>","protected":false},"excerpt":{"rendered":"Conversemos Cont\u00e1ctenos Exportaci\u00f3n de Frutas Frescas. San Jos\u00e9, Desamparados, 125 metros este Colegio de Contadores Privados. +506 8389-0024, +506 8446-1074 info@unifruitfresh.com","protected":false},"author":1,"featured_media":0,"parent":0,"menu_order":0,"comment_status":"closed","ping_status":"closed","template":"","meta":{"footnotes":""},"class_list":["post-57","page","type-page","status-publish","hentry"],"_links":{"self":[{"href":"https:\/\/unifruitfresh.com\/en\/wp-json\/wp\/v2\/pages\/57"}],"collection":[{"href":"https:\/\/unifruitfresh.com\/en\/wp-json\/wp\/v2\/pages"}],"about":[{"href":"https:\/\/unifruitfresh.com\/en\/wp-json\/wp\/v2\/types\/page"}],"author":[{"embeddable":true,"href":"https:\/\/unifruitfresh.com\/en\/wp-json\/wp\/v2\/users\/1"}],"replies":[{"embeddable":true,"href":"https:\/\/unifruitfresh.com\/en\/wp-json\/wp\/v2\/comments?post=57"}],"version-history":[{"count":6,"href":"https:\/\/unifruitfresh.com\/en\/wp-json\/wp\/v2\/pages\/57\/revisions"}],"predecessor-version":[{"id":2107,"href":"https:\/\/unifruitfresh.com\/en\/wp-json\/wp\/v2\/pages\/57\/revisions\/2107"}],"wp:attachment":[{"href":"https:\/\/unifruitfresh.com\/en\/wp-json\/wp\/v2\/media?parent=57"}],"curies":[{"name":"wp","href":"https:\/\/api.w.org\/{rel}","templated":true}]}}