{"id":2028,"date":"2024-06-03T17:21:00","date_gmt":"2024-06-03T17:21:00","guid":{"rendered":"https:\/\/unifruitfresh.com\/?page_id=2028"},"modified":"2024-06-03T16:28:40","modified_gmt":"2024-06-03T22:28:40","slug":"melon","status":"publish","type":"page","link":"https:\/\/unifruitfresh.com\/en\/melon\/","title":{"rendered":"Melon"},"content":{"rendered":"<div class=\"wpb-content-wrapper\"><div data-vc-full-width=\"true\" data-vc-full-width-init=\"false\" data-vc-stretch-content=\"true\" class=\"vc_row wpb_row vc_row-fluid vc_custom_1717433590149 vc_row-no-padding\"><div class=\"wpb_column vc_column_container vc_col-sm-12\"><div class=\"vc_column-inner\"><div class=\"wpb_wrapper\"><div class=\"vc_empty_space\"   style=\"height: 45px\"><span class=\"vc_empty_space_inner\"><\/span><\/div><\/div><\/div><\/div><\/div><div class=\"vc_row-full-width vc_clearfix\"><\/div><div class=\"vc_row wpb_row vc_row-fluid vc_custom_1717442619574\"><div class=\"wpb_column vc_column_container vc_col-sm-12\"><div class=\"vc_column-inner\"><div class=\"wpb_wrapper\">\n\t<div  class=\"wpb_single_image wpb_content_element vc_align_center wpb_content_element\">\n\t\t\n\t\t<figure class=\"wpb_wrapper vc_figure\">\n\t\t\t<div class=\"vc_single_image-wrapper   vc_box_border_grey\"><img loading=\"lazy\" decoding=\"async\" width=\"2001\" height=\"751\" src=\"https:\/\/unifruitfresh.com\/wp-content\/uploads\/2024\/06\/SlideU_5.jpg\" class=\"vc_single_image-img attachment-full\" alt=\"\" title=\"SlideU_5\" srcset=\"https:\/\/unifruitfresh.com\/wp-content\/uploads\/2024\/06\/SlideU_5.jpg 2001w, https:\/\/unifruitfresh.com\/wp-content\/uploads\/2024\/06\/SlideU_5-300x113.jpg 300w, https:\/\/unifruitfresh.com\/wp-content\/uploads\/2024\/06\/SlideU_5-1024x384.jpg 1024w, https:\/\/unifruitfresh.com\/wp-content\/uploads\/2024\/06\/SlideU_5-768x288.jpg 768w, https:\/\/unifruitfresh.com\/wp-content\/uploads\/2024\/06\/SlideU_5-1536x576.jpg 1536w\" sizes=\"(max-width: 2001px) 100vw, 2001px\" \/><\/div>\n\t\t<\/figure>\n\t<\/div>\n<\/div><\/div><\/div><\/div><div class=\"vc_row wpb_row vc_row-fluid tb-contact vc_custom_1515481076210\"><div class=\"wpb_column vc_column_container vc_col-sm-5 vc_col-lg-5 vc_col-md-5 vc_hidden-sm vc_hidden-xs\"><div class=\"vc_column-inner\"><div class=\"wpb_wrapper\">\n\t<div  class=\"wpb_single_image wpb_content_element vc_align_left wpb_content_element\">\n\t\t\n\t\t<figure class=\"wpb_wrapper vc_figure\">\n\t\t\t<div class=\"vc_single_image-wrapper   vc_box_border_grey\"><img decoding=\"async\" class=\"vc_single_image-img\" src=\"https:\/\/unifruitfresh.com\/wp-content\/uploads\/2024\/05\/melon-3-500x500.jpg\" width=\"500\" height=\"500\" alt=\"Frutas\" title=\"Frutas\" loading=\"lazy\" \/><\/div>\n\t\t<\/figure>\n\t<\/div>\n<\/div><\/div><\/div><div class=\"wpb_column vc_column_container vc_col-sm-12 vc_col-lg-7 vc_col-md-7\"><div class=\"vc_column-inner vc_custom_1517368538059\"><div class=\"wpb_wrapper\"><div class=\"text-left  organiko-title-tpl3\">            <span class=\"organiko-subtitle\" ><\/span>\n            <h2 class=\"organiko-title\" >\n                MELON            <\/h2>\n        <\/div><div class=\"vc_empty_space\"   style=\"height: 60px\"><span class=\"vc_empty_space_inner\"><\/span><\/div>\n\t<div class=\"wpb_text_column wpb_content_element vc_custom_1717453717129\" >\n\t\t<div class=\"wpb_wrapper\">\n\t\t\t<p class=\"p1\">Melon, with its great contribution of water, vitamins A, B, C and E as well as folic acid, minerals, iron and potassium help keep our body hydrated, consuming it alone is the best option.<\/p>\n\n\t\t<\/div>\n\t<\/div>\n<\/div><\/div><\/div><\/div><div class=\"vc_row wpb_row vc_row-fluid\"><div class=\"wpb_column vc_column_container vc_col-sm-12\"><div class=\"vc_column-inner\"><div class=\"wpb_wrapper\"><div class=\"text-left  organiko-title-tpl1\">            <span class=\"organiko-subtitle\" ><\/span>\n            <h2 class=\"organiko-title\" >\n                Characteristics            <\/h2>\n        <\/div><div class=\"vc_empty_space\"   style=\"height: 40px\"><span class=\"vc_empty_space_inner\"><\/span><\/div>\n\t<div class=\"wpb_text_column wpb_content_element\" >\n\t\t<div class=\"wpb_wrapper\">\n\t\t\t<p>\u2022 Variety: Yellow Honey Dew<br \/>\n\u2022 Weight: from 10 to 13 kilos<br \/>\n\u2022 Minimum Brix: 10 to 15<br \/>\n\u2022 Net Weight - Sorted By Size<br \/>\n\u2022 In a container with a minimum of 1583 boxes of melon for export with the GENERICA brand.<\/p>\n\n\t\t<\/div>\n\t<\/div>\n<\/div><\/div><\/div><\/div><div class=\"vc_row wpb_row vc_row-fluid\"><div class=\"wpb_column vc_column_container vc_col-sm-12\"><div class=\"vc_column-inner\"><div class=\"wpb_wrapper\"><div class=\"vc_separator wpb_content_element vc_separator_align_center vc_sep_width_100 vc_sep_pos_align_center vc_separator_no_text vc_sep_color_grey vc_custom_1717181552507 wpb_content_element  vc_custom_1717181552507 wpb_content_element\" ><span class=\"vc_sep_holder vc_sep_holder_l\"><span class=\"vc_sep_line\"><\/span><\/span><span class=\"vc_sep_holder vc_sep_holder_r\"><span class=\"vc_sep_line\"><\/span><\/span>\n<\/div><\/div><\/div><\/div><\/div><div class=\"vc_row wpb_row vc_row-fluid\"><div class=\"wpb_column vc_column_container vc_col-sm-12\"><div class=\"vc_column-inner\"><div class=\"wpb_wrapper\"><div class=\"text-center  organiko-title-tpl1\">            <span class=\"organiko-subtitle\" ><\/span>\n            <h2 class=\"organiko-title\" >\n                Other Products that may interest you            <\/h2>\n        <\/div><\/div><\/div><\/div><\/div><div class=\"vc_row wpb_row vc_row-fluid\"><div class=\"wpb_column vc_column_container vc_col-sm-4\"><div class=\"vc_column-inner\"><div class=\"wpb_wrapper\">\n\t<div  class=\"wpb_single_image wpb_content_element vc_align_left wpb_content_element\">\n\t\t\n\t\t<figure class=\"wpb_wrapper vc_figure\">\n\t\t\t<div class=\"vc_single_image-wrapper   vc_box_border_grey\"><img decoding=\"async\" class=\"vc_single_image-img\" src=\"https:\/\/unifruitfresh.com\/wp-content\/uploads\/2024\/05\/pina-b-250x250.jpg\" width=\"250\" height=\"250\" alt=\"pina-b\" title=\"pina-b\" loading=\"lazy\" \/><\/div>\n\t\t<\/figure>\n\t<\/div>\n<\/div><\/div><\/div><div class=\"wpb_column vc_column_container vc_col-sm-4\"><div class=\"vc_column-inner\"><div class=\"wpb_wrapper\">\n\t<div  class=\"wpb_single_image wpb_content_element vc_align_left wpb_content_element\">\n\t\t\n\t\t<figure class=\"wpb_wrapper vc_figure\">\n\t\t\t<div class=\"vc_single_image-wrapper   vc_box_border_grey\"><img decoding=\"async\" class=\"vc_single_image-img\" src=\"https:\/\/unifruitfresh.com\/wp-content\/uploads\/2024\/05\/mango-250x250.jpg\" width=\"250\" height=\"250\" alt=\"mango\" title=\"mango\" loading=\"lazy\" \/><\/div>\n\t\t<\/figure>\n\t<\/div>\n<\/div><\/div><\/div><div class=\"wpb_column vc_column_container vc_col-sm-4\"><div class=\"vc_column-inner\"><div class=\"wpb_wrapper\">\n\t<div  class=\"wpb_single_image wpb_content_element vc_align_left wpb_content_element\">\n\t\t\n\t\t<figure class=\"wpb_wrapper vc_figure\">\n\t\t\t<div class=\"vc_single_image-wrapper   vc_box_border_grey\"><img decoding=\"async\" class=\"vc_single_image-img\" src=\"https:\/\/unifruitfresh.com\/wp-content\/uploads\/2024\/05\/sandia-250x250.jpg\" width=\"250\" height=\"250\" alt=\"sandia\" title=\"sandia\" loading=\"lazy\" \/><\/div>\n\t\t<\/figure>\n\t<\/div>\n<\/div><\/div><\/div><\/div><div data-vc-full-width=\"true\" data-vc-full-width-init=\"false\" data-vc-stretch-content=\"true\" class=\"vc_row wpb_row vc_row-fluid vc_custom_1717425163507 vc_row-no-padding\"><div class=\"wpb_column vc_column_container vc_col-sm-12\"><div class=\"vc_column-inner\"><div class=\"wpb_wrapper\">\n\t<div  class=\"wpb_single_image wpb_content_element vc_align_left wpb_content_element\">\n\t\t\n\t\t<figure class=\"wpb_wrapper vc_figure\">\n\t\t\t<div class=\"vc_single_image-wrapper   vc_box_border_grey\"><img loading=\"lazy\" decoding=\"async\" width=\"1920\" height=\"275\" src=\"https:\/\/unifruitfresh.com\/wp-content\/uploads\/2024\/05\/bg-newsletter-copy.jpg\" class=\"vc_single_image-img attachment-full\" alt=\"\" title=\"bg-newsletter copy\" srcset=\"https:\/\/unifruitfresh.com\/wp-content\/uploads\/2024\/05\/bg-newsletter-copy.jpg 1920w, https:\/\/unifruitfresh.com\/wp-content\/uploads\/2024\/05\/bg-newsletter-copy-300x43.jpg 300w, https:\/\/unifruitfresh.com\/wp-content\/uploads\/2024\/05\/bg-newsletter-copy-1024x147.jpg 1024w, https:\/\/unifruitfresh.com\/wp-content\/uploads\/2024\/05\/bg-newsletter-copy-768x110.jpg 768w, https:\/\/unifruitfresh.com\/wp-content\/uploads\/2024\/05\/bg-newsletter-copy-1536x220.jpg 1536w\" sizes=\"(max-width: 1920px) 100vw, 1920px\" \/><\/div>\n\t\t<\/figure>\n\t<\/div>\n<\/div><\/div><\/div><\/div><div class=\"vc_row-full-width vc_clearfix\"><\/div>\n<\/div>","protected":false},"excerpt":{"rendered":"MEL\u00d3N El mel\u00f3n, con su gran aporte de agua, vitaminas A, B, C y E adem\u00e1s de \u00e1cido f\u00f3lico, minerales, hierro y potasio favorecen a mantener nuestro cuerpo hidratado, consumirlo solo es la mejor opci\u00f3n. Caracter\u00edsticas \u2022 Variedad: Yellow Honey [...]","protected":false},"author":1,"featured_media":0,"parent":0,"menu_order":0,"comment_status":"closed","ping_status":"closed","template":"","meta":{"footnotes":""},"class_list":["post-2028","page","type-page","status-publish","hentry"],"_links":{"self":[{"href":"https:\/\/unifruitfresh.com\/en\/wp-json\/wp\/v2\/pages\/2028"}],"collection":[{"href":"https:\/\/unifruitfresh.com\/en\/wp-json\/wp\/v2\/pages"}],"about":[{"href":"https:\/\/unifruitfresh.com\/en\/wp-json\/wp\/v2\/types\/page"}],"author":[{"embeddable":true,"href":"https:\/\/unifruitfresh.com\/en\/wp-json\/wp\/v2\/users\/1"}],"replies":[{"embeddable":true,"href":"https:\/\/unifruitfresh.com\/en\/wp-json\/wp\/v2\/comments?post=2028"}],"version-history":[{"count":9,"href":"https:\/\/unifruitfresh.com\/en\/wp-json\/wp\/v2\/pages\/2028\/revisions"}],"predecessor-version":[{"id":2097,"href":"https:\/\/unifruitfresh.com\/en\/wp-json\/wp\/v2\/pages\/2028\/revisions\/2097"}],"wp:attachment":[{"href":"https:\/\/unifruitfresh.com\/en\/wp-json\/wp\/v2\/media?parent=2028"}],"curies":[{"name":"wp","href":"https:\/\/api.w.org\/{rel}","templated":true}]}}