{"id":1965,"date":"2024-05-31T18:31:41","date_gmt":"2024-05-31T18:31:41","guid":{"rendered":"https:\/\/unifruitfresh.com\/?page_id=1965"},"modified":"2024-06-03T19:20:02","modified_gmt":"2024-06-03T19:20:02","slug":"pina","status":"publish","type":"page","link":"https:\/\/unifruitfresh.com\/en\/pina\/","title":{"rendered":"Pineapple"},"content":{"rendered":"<div class=\"wpb-content-wrapper\"><div data-vc-full-width=\"true\" data-vc-full-width-init=\"false\" data-vc-stretch-content=\"true\" class=\"vc_row wpb_row vc_row-fluid vc_custom_1717442331008 vc_row-no-padding\"><div class=\"wpb_column vc_column_container vc_col-sm-12\"><div class=\"vc_column-inner\"><div class=\"wpb_wrapper\"><div class=\"vc_empty_space\"   style=\"height: 45px\"><span class=\"vc_empty_space_inner\"><\/span><\/div><\/div><\/div><\/div><\/div><div class=\"vc_row-full-width vc_clearfix\"><\/div><div class=\"vc_row wpb_row vc_row-fluid\"><div class=\"wpb_column vc_column_container vc_col-sm-12\"><div class=\"vc_column-inner\"><div class=\"wpb_wrapper\">\n\t<div  class=\"wpb_single_image wpb_content_element vc_align_left wpb_content_element\">\n\t\t\n\t\t<figure class=\"wpb_wrapper vc_figure\">\n\t\t\t<div class=\"vc_single_image-wrapper   vc_box_border_grey\"><img loading=\"lazy\" decoding=\"async\" width=\"2001\" height=\"751\" src=\"https:\/\/unifruitfresh.com\/wp-content\/uploads\/2024\/05\/somos_banner_4b.jpg\" class=\"vc_single_image-img attachment-full\" alt=\"\" title=\"Frutas\" srcset=\"https:\/\/unifruitfresh.com\/wp-content\/uploads\/2024\/05\/somos_banner_4b.jpg 2001w, https:\/\/unifruitfresh.com\/wp-content\/uploads\/2024\/05\/somos_banner_4b-300x113.jpg 300w, https:\/\/unifruitfresh.com\/wp-content\/uploads\/2024\/05\/somos_banner_4b-1024x384.jpg 1024w, https:\/\/unifruitfresh.com\/wp-content\/uploads\/2024\/05\/somos_banner_4b-768x288.jpg 768w, https:\/\/unifruitfresh.com\/wp-content\/uploads\/2024\/05\/somos_banner_4b-1536x576.jpg 1536w\" sizes=\"(max-width: 2001px) 100vw, 2001px\" \/><\/div>\n\t\t<\/figure>\n\t<\/div>\n<\/div><\/div><\/div><\/div><div class=\"vc_row wpb_row vc_row-fluid tb-contact vc_custom_1515481076210\"><div class=\"wpb_column vc_column_container vc_col-sm-5 vc_col-lg-5 vc_col-md-5 vc_hidden-sm vc_hidden-xs\"><div class=\"vc_column-inner\"><div class=\"wpb_wrapper\">\n\t<div  class=\"wpb_single_image wpb_content_element vc_align_left wpb_content_element\">\n\t\t\n\t\t<figure class=\"wpb_wrapper vc_figure\">\n\t\t\t<div class=\"vc_single_image-wrapper   vc_box_border_grey\"><img decoding=\"async\" class=\"vc_single_image-img\" src=\"https:\/\/unifruitfresh.com\/wp-content\/uploads\/2024\/05\/pina-b-500x500.jpg\" width=\"500\" height=\"500\" alt=\"pina-b\" title=\"pina-b\" loading=\"lazy\" \/><\/div>\n\t\t<\/figure>\n\t<\/div>\n<\/div><\/div><\/div><div class=\"wpb_column vc_column_container vc_col-sm-12 vc_col-lg-7 vc_col-md-7\"><div class=\"vc_column-inner vc_custom_1517368538059\"><div class=\"wpb_wrapper\"><div class=\"text-left  organiko-title-tpl3\">            <span class=\"organiko-subtitle\" ><\/span>\n            <h2 class=\"organiko-title\" >\n                PINEAPPLE            <\/h2>\n        <\/div><div class=\"vc_empty_space\"   style=\"height: 60px\"><span class=\"vc_empty_space_inner\"><\/span><\/div>\n\t<div class=\"wpb_text_column wpb_content_element vc_custom_1717424742345\" >\n\t\t<div class=\"wpb_wrapper\">\n\t\t\t<p><strong><em>Golden, with a unique flavor and texture, juicy inside.<\/em><\/strong><\/p>\n<p class=\"p1\">100% aware of the benefits of pineapple due to its contribution of vitamin C, which facilitates the absorption of others, helping to prevent not only heart diseases but also to control other conditions, including lowering cholesterol, delaying aging, as well as be antioxidant, diuretic, contributing to weight loss.<\/p>\n\n\t\t<\/div>\n\t<\/div>\n<\/div><\/div><\/div><\/div><div class=\"vc_row wpb_row vc_row-fluid\"><div class=\"wpb_column vc_column_container vc_col-sm-12\"><div class=\"vc_column-inner\"><div class=\"wpb_wrapper\"><div class=\"text-left  organiko-title-tpl1\">            <span class=\"organiko-subtitle\" ><\/span>\n            <h2 class=\"organiko-title\" >\n                Characteristics            <\/h2>\n        <\/div><div class=\"vc_empty_space\"   style=\"height: 40px\"><span class=\"vc_empty_space_inner\"><\/span><\/div>\n\t<div class=\"wpb_text_column wpb_content_element\" >\n\t\t<div class=\"wpb_wrapper\">\n\t\t\t<p>Variety: MD2 Golden Extra Sweet<\/p>\n<p>\u2022 Size: 5\u2019s, 6\u2019s, 7\u2019s, 8\u2019s, 9\u2019s, 10\u2019s<\/p>\n<p>\u2022 Minimum Brix: 12<\/p>\n<p>\u2022 Packaging: 80 boxes per pallet \/ 21 pallets per container \/ 1680 boxes per container.<\/p>\n\n\t\t<\/div>\n\t<\/div>\n<\/div><\/div><\/div><\/div><div class=\"vc_row wpb_row vc_row-fluid\"><div class=\"wpb_column vc_column_container vc_col-sm-12\"><div class=\"vc_column-inner\"><div class=\"wpb_wrapper\"><div class=\"vc_separator wpb_content_element vc_separator_align_center vc_sep_width_100 vc_sep_pos_align_center vc_separator_no_text vc_sep_color_grey vc_custom_1717181552507 wpb_content_element  vc_custom_1717181552507 wpb_content_element\" ><span class=\"vc_sep_holder vc_sep_holder_l\"><span class=\"vc_sep_line\"><\/span><\/span><span class=\"vc_sep_holder vc_sep_holder_r\"><span class=\"vc_sep_line\"><\/span><\/span>\n<\/div><\/div><\/div><\/div><\/div><div class=\"vc_row wpb_row vc_row-fluid\"><div class=\"wpb_column vc_column_container vc_col-sm-12\"><div class=\"vc_column-inner\"><div class=\"wpb_wrapper\"><div class=\"text-center  organiko-title-tpl1\">            <span class=\"organiko-subtitle\" ><\/span>\n            <h2 class=\"organiko-title\" >\n                Other Products that may interest you            <\/h2>\n        <\/div><\/div><\/div><\/div><\/div><div class=\"vc_row wpb_row vc_row-fluid\"><div class=\"wpb_column vc_column_container vc_col-sm-4\"><div class=\"vc_column-inner\"><div class=\"wpb_wrapper\">\n\t<div  class=\"wpb_single_image wpb_content_element vc_align_left wpb_content_element\">\n\t\t\n\t\t<figure class=\"wpb_wrapper vc_figure\">\n\t\t\t<div class=\"vc_single_image-wrapper   vc_box_border_grey\"><img decoding=\"async\" class=\"vc_single_image-img\" src=\"https:\/\/unifruitfresh.com\/wp-content\/uploads\/2024\/05\/melon-3-250x250.jpg\" width=\"250\" height=\"250\" alt=\"Frutas\" title=\"Frutas\" loading=\"lazy\" \/><\/div>\n\t\t<\/figure>\n\t<\/div>\n<\/div><\/div><\/div><div class=\"wpb_column vc_column_container vc_col-sm-4\"><div class=\"vc_column-inner\"><div class=\"wpb_wrapper\">\n\t<div  class=\"wpb_single_image wpb_content_element vc_align_left wpb_content_element\">\n\t\t\n\t\t<figure class=\"wpb_wrapper vc_figure\">\n\t\t\t<div class=\"vc_single_image-wrapper   vc_box_border_grey\"><img decoding=\"async\" class=\"vc_single_image-img\" src=\"https:\/\/unifruitfresh.com\/wp-content\/uploads\/2024\/05\/mango-250x250.jpg\" width=\"250\" height=\"250\" alt=\"mango\" title=\"mango\" loading=\"lazy\" \/><\/div>\n\t\t<\/figure>\n\t<\/div>\n<\/div><\/div><\/div><div class=\"wpb_column vc_column_container vc_col-sm-4\"><div class=\"vc_column-inner\"><div class=\"wpb_wrapper\">\n\t<div  class=\"wpb_single_image wpb_content_element vc_align_left wpb_content_element\">\n\t\t\n\t\t<figure class=\"wpb_wrapper vc_figure\">\n\t\t\t<div class=\"vc_single_image-wrapper   vc_box_border_grey\"><img decoding=\"async\" class=\"vc_single_image-img\" src=\"https:\/\/unifruitfresh.com\/wp-content\/uploads\/2024\/05\/sandia-250x250.jpg\" width=\"250\" height=\"250\" alt=\"sandia\" title=\"sandia\" loading=\"lazy\" \/><\/div>\n\t\t<\/figure>\n\t<\/div>\n<\/div><\/div><\/div><\/div><div data-vc-full-width=\"true\" data-vc-full-width-init=\"false\" data-vc-stretch-content=\"true\" class=\"vc_row wpb_row vc_row-fluid vc_custom_1717425163507 vc_row-no-padding\"><div class=\"wpb_column vc_column_container vc_col-sm-12\"><div class=\"vc_column-inner\"><div class=\"wpb_wrapper\">\n\t<div  class=\"wpb_single_image wpb_content_element vc_align_left wpb_content_element\">\n\t\t\n\t\t<figure class=\"wpb_wrapper vc_figure\">\n\t\t\t<div class=\"vc_single_image-wrapper   vc_box_border_grey\"><img loading=\"lazy\" decoding=\"async\" width=\"1920\" height=\"275\" src=\"https:\/\/unifruitfresh.com\/wp-content\/uploads\/2024\/05\/bg-newsletter-copy.jpg\" class=\"vc_single_image-img attachment-full\" alt=\"\" title=\"bg-newsletter copy\" srcset=\"https:\/\/unifruitfresh.com\/wp-content\/uploads\/2024\/05\/bg-newsletter-copy.jpg 1920w, https:\/\/unifruitfresh.com\/wp-content\/uploads\/2024\/05\/bg-newsletter-copy-300x43.jpg 300w, https:\/\/unifruitfresh.com\/wp-content\/uploads\/2024\/05\/bg-newsletter-copy-1024x147.jpg 1024w, https:\/\/unifruitfresh.com\/wp-content\/uploads\/2024\/05\/bg-newsletter-copy-768x110.jpg 768w, https:\/\/unifruitfresh.com\/wp-content\/uploads\/2024\/05\/bg-newsletter-copy-1536x220.jpg 1536w\" sizes=\"(max-width: 1920px) 100vw, 1920px\" \/><\/div>\n\t\t<\/figure>\n\t<\/div>\n<\/div><\/div><\/div><\/div><div class=\"vc_row-full-width vc_clearfix\"><\/div>\n<\/div>","protected":false},"excerpt":{"rendered":"PI\u00d1A Golden, con sabor y textura \u00fanica, jugosa por dentro. Conscientes 100% de los beneficios de la pi\u00f1a por su aporte de vitamina C la cual facilita la absorci\u00f3n de otras contribuyendo a prevenir no solo enfermedades cardiacas sino a [...]","protected":false},"author":1,"featured_media":0,"parent":0,"menu_order":0,"comment_status":"closed","ping_status":"closed","template":"","meta":{"footnotes":""},"class_list":["post-1965","page","type-page","status-publish","hentry"],"_links":{"self":[{"href":"https:\/\/unifruitfresh.com\/en\/wp-json\/wp\/v2\/pages\/1965"}],"collection":[{"href":"https:\/\/unifruitfresh.com\/en\/wp-json\/wp\/v2\/pages"}],"about":[{"href":"https:\/\/unifruitfresh.com\/en\/wp-json\/wp\/v2\/types\/page"}],"author":[{"embeddable":true,"href":"https:\/\/unifruitfresh.com\/en\/wp-json\/wp\/v2\/users\/1"}],"replies":[{"embeddable":true,"href":"https:\/\/unifruitfresh.com\/en\/wp-json\/wp\/v2\/comments?post=1965"}],"version-history":[{"count":15,"href":"https:\/\/unifruitfresh.com\/en\/wp-json\/wp\/v2\/pages\/1965\/revisions"}],"predecessor-version":[{"id":2089,"href":"https:\/\/unifruitfresh.com\/en\/wp-json\/wp\/v2\/pages\/1965\/revisions\/2089"}],"wp:attachment":[{"href":"https:\/\/unifruitfresh.com\/en\/wp-json\/wp\/v2\/media?parent=1965"}],"curies":[{"name":"wp","href":"https:\/\/api.w.org\/{rel}","templated":true}]}}